{"id":14942,"date":"2025-03-31T15:01:56","date_gmt":"2025-03-31T13:01:56","guid":{"rendered":"https:\/\/faceprojecterasmus.eu\/exposition-artivisme-lart-au-service-du-changement\/"},"modified":"2025-05-03T14:48:30","modified_gmt":"2025-05-03T12:48:30","slug":"exposition-artivisme-lart-au-service-du-changement","status":"publish","type":"page","link":"https:\/\/faceprojecterasmus.eu\/fr\/exposition-artivisme-lart-au-service-du-changement\/","title":{"rendered":"Exposition Artivism"},"content":{"rendered":"\t\t<div data-elementor-type=\"wp-page\" data-elementor-id=\"14942\" class=\"elementor elementor-14942 elementor-14940\">\n\t\t\t\t\t\t\t\t\t<section class=\"elementor-section elementor-top-section elementor-element elementor-element-22ca7a7 elementor-section-full_width elementor-section-height-default elementor-section-height-default\" data-id=\"22ca7a7\" data-element_type=\"section\" data-settings=\"{&quot;background_background&quot;:&quot;classic&quot;}\">\n\t\t\t\t\t\t<div class=\"elementor-container elementor-column-gap-default\">\n\t\t\t\t\t<div class=\"elementor-column elementor-col-100 elementor-top-column elementor-element elementor-element-0829900\" data-id=\"0829900\" data-element_type=\"column\">\n\t\t\t<div class=\"elementor-widget-wrap elementor-element-populated\">\n\t\t\t\t\t\t\t\t<div class=\"elementor-element elementor-element-30c923d elementor-icon-list--layout-inline elementor-widget elementor-widget-rt-here-section\" data-id=\"30c923d\" data-element_type=\"widget\" data-widget_type=\"rt-here-section.default\">\n\t\t\t\t<div class=\"elementor-widget-container\">\n\t\t\t\n\n\n    <section class=\"rt-hero-section\">\n\n        <div class=\"gostudy-container\">\n            \n            <div class=\"row\">\n                <div class=\"col-md-12 col-lg-6\">\n\n                    <div class=\"rt-hero-content\">\n                         \n                         \n                                                            <\/div>\n\n                <\/div>\n            <\/div>\n\n            <div class=\"rt-hero-right\">\n\n                <div class=\"rt-hero-right-animate \">\n                    <div class=\"image1\">\n                                             <\/div>\n                    <div class=\"image2 parallaxed\">\n                                            <\/div>\n                    <div class=\"image3 parallaxed\">\n                                            <\/div>\n\n                <\/div>\n\n            <\/div>\n        <\/div>\n    <\/section>\n\t\t<\/div>\n\t\t\t\t<\/div>\n\t\t\t\t\t<\/div>\n\t\t<\/div>\n\t\t\t\t\t\t\t<\/div>\n\t\t<\/section>\n\t\t\t\t<section class=\"elementor-section elementor-top-section elementor-element elementor-element-1201aec elementor-section-boxed elementor-section-height-default elementor-section-height-default\" data-id=\"1201aec\" data-element_type=\"section\">\n\t\t\t\t\t\t<div class=\"elementor-container elementor-column-gap-default\">\n\t\t\t\t\t<div class=\"elementor-column elementor-col-100 elementor-top-column elementor-element elementor-element-1faf97b\" data-id=\"1faf97b\" data-element_type=\"column\">\n\t\t\t<div class=\"elementor-widget-wrap elementor-element-populated\">\n\t\t\t\t\t\t\t\t<div class=\"elementor-element elementor-element-1574f44 elementor-widget elementor-widget-heading\" data-id=\"1574f44\" data-element_type=\"widget\" data-settings=\"{&quot;_animation&quot;:&quot;none&quot;}\" data-widget_type=\"heading.default\">\n\t\t\t\t<div class=\"elementor-widget-container\">\n\t\t\t<style>\/*! elementor - v3.16.0 - 09-10-2023 *\/\n.elementor-heading-title{padding:0;margin:0;line-height:1}.elementor-widget-heading .elementor-heading-title[class*=elementor-size-]>a{color:inherit;font-size:inherit;line-height:inherit}.elementor-widget-heading .elementor-heading-title.elementor-size-small{font-size:15px}.elementor-widget-heading .elementor-heading-title.elementor-size-medium{font-size:19px}.elementor-widget-heading .elementor-heading-title.elementor-size-large{font-size:29px}.elementor-widget-heading .elementor-heading-title.elementor-size-xl{font-size:39px}.elementor-widget-heading .elementor-heading-title.elementor-size-xxl{font-size:59px}<\/style><h2 class=\"elementor-heading-title elementor-size-default\">Exposition virtuelle<\/h2>\t\t<\/div>\n\t\t\t\t<\/div>\n\t\t\t\t\t<\/div>\n\t\t<\/div>\n\t\t\t\t\t\t\t<\/div>\n\t\t<\/section>\n\t\t\t\t<section class=\"elementor-section elementor-top-section elementor-element elementor-element-2eed825 elementor-section-boxed elementor-section-height-default elementor-section-height-default\" data-id=\"2eed825\" data-element_type=\"section\">\n\t\t\t\t\t\t<div class=\"elementor-container elementor-column-gap-default\">\n\t\t\t\t\t<div class=\"elementor-column elementor-col-100 elementor-top-column elementor-element elementor-element-f95a77c\" data-id=\"f95a77c\" data-element_type=\"column\">\n\t\t\t<div class=\"elementor-widget-wrap elementor-element-populated\">\n\t\t\t\t\t\t\t\t<div class=\"elementor-element elementor-element-c283ec4 elementor-widget elementor-widget-image\" data-id=\"c283ec4\" data-element_type=\"widget\" data-widget_type=\"image.default\">\n\t\t\t\t<div class=\"elementor-widget-container\">\n\t\t\t<style>\/*! elementor - v3.16.0 - 09-10-2023 *\/\n.elementor-widget-image{text-align:center}.elementor-widget-image a{display:inline-block}.elementor-widget-image a img[src$=\".svg\"]{width:48px}.elementor-widget-image img{vertical-align:middle;display:inline-block}<\/style>\t\t\t\t\t\t\t\t\t\t\t\t<img loading=\"lazy\" decoding=\"async\" width=\"1024\" height=\"295\" src=\"https:\/\/faceprojecterasmus.eu\/wp-content\/uploads\/2025\/03\/Artivism-Colored-1024x295.jpg\" class=\"attachment-large size-large wp-image-14914\" alt=\"\" srcset=\"https:\/\/faceprojecterasmus.eu\/wp-content\/uploads\/2025\/03\/Artivism-Colored-1024x295.jpg 1024w, https:\/\/faceprojecterasmus.eu\/wp-content\/uploads\/2025\/03\/Artivism-Colored-300x86.jpg 300w, https:\/\/faceprojecterasmus.eu\/wp-content\/uploads\/2025\/03\/Artivism-Colored-768x221.jpg 768w, https:\/\/faceprojecterasmus.eu\/wp-content\/uploads\/2025\/03\/Artivism-Colored-1536x442.jpg 1536w, https:\/\/faceprojecterasmus.eu\/wp-content\/uploads\/2025\/03\/Artivism-Colored-1320x380.jpg 1320w, https:\/\/faceprojecterasmus.eu\/wp-content\/uploads\/2025\/03\/Artivism-Colored-1140x328.jpg 1140w, https:\/\/faceprojecterasmus.eu\/wp-content\/uploads\/2025\/03\/Artivism-Colored.jpg 1866w\" sizes=\"auto, (max-width: 1024px) 100vw, 1024px\" \/>\t\t\t\t\t\t\t\t\t\t\t\t\t\t\t<\/div>\n\t\t\t\t<\/div>\n\t\t\t\t<div class=\"elementor-element elementor-element-1f8b77c elementor-widget elementor-widget-spacer\" data-id=\"1f8b77c\" data-element_type=\"widget\" data-widget_type=\"spacer.default\">\n\t\t\t\t<div class=\"elementor-widget-container\">\n\t\t\t<style>\/*! elementor - v3.16.0 - 09-10-2023 *\/\n.elementor-column .elementor-spacer-inner{height:var(--spacer-size)}.e-con{--container-widget-width:100%}.e-con-inner>.elementor-widget-spacer,.e-con>.elementor-widget-spacer{width:var(--container-widget-width,var(--spacer-size));--align-self:var(--container-widget-align-self,initial);--flex-shrink:0}.e-con-inner>.elementor-widget-spacer>.elementor-widget-container,.e-con>.elementor-widget-spacer>.elementor-widget-container{height:100%;width:100%}.e-con-inner>.elementor-widget-spacer>.elementor-widget-container>.elementor-spacer,.e-con>.elementor-widget-spacer>.elementor-widget-container>.elementor-spacer{height:100%}.e-con-inner>.elementor-widget-spacer>.elementor-widget-container>.elementor-spacer>.elementor-spacer-inner,.e-con>.elementor-widget-spacer>.elementor-widget-container>.elementor-spacer>.elementor-spacer-inner{height:var(--container-widget-height,var(--spacer-size))}.e-con-inner>.elementor-widget-spacer.elementor-widget-empty,.e-con>.elementor-widget-spacer.elementor-widget-empty{position:relative;min-height:22px;min-width:22px}.e-con-inner>.elementor-widget-spacer.elementor-widget-empty .elementor-widget-empty-icon,.e-con>.elementor-widget-spacer.elementor-widget-empty .elementor-widget-empty-icon{position:absolute;top:0;bottom:0;left:0;right:0;margin:auto;padding:0;width:22px;height:22px}<\/style>\t\t<div class=\"elementor-spacer\">\n\t\t\t<div class=\"elementor-spacer-inner\"><\/div>\n\t\t<\/div>\n\t\t\t\t<\/div>\n\t\t\t\t<\/div>\n\t\t\t\t\t<\/div>\n\t\t<\/div>\n\t\t\t\t\t\t\t<\/div>\n\t\t<\/section>\n\t\t\t\t<section class=\"elementor-section elementor-top-section elementor-element elementor-element-e32b8b2 elementor-section-boxed elementor-section-height-default elementor-section-height-default\" data-id=\"e32b8b2\" data-element_type=\"section\" data-settings=\"{&quot;background_background&quot;:&quot;classic&quot;}\">\n\t\t\t\t\t\t\t<div class=\"elementor-background-overlay\"><\/div>\n\t\t\t\t\t\t\t<div class=\"elementor-container elementor-column-gap-no\">\n\t\t\t\t\t<div class=\"elementor-column elementor-col-100 elementor-top-column elementor-element elementor-element-fe8d0c4\" data-id=\"fe8d0c4\" data-element_type=\"column\">\n\t\t\t<div class=\"elementor-widget-wrap elementor-element-populated\">\n\t\t\t\t\t\t\t\t<section class=\"elementor-section elementor-inner-section elementor-element elementor-element-286be86 elementor-section-boxed elementor-section-height-default elementor-section-height-default\" data-id=\"286be86\" data-element_type=\"section\">\n\t\t\t\t\t\t<div class=\"elementor-container elementor-column-gap-default\">\n\t\t\t\t\t<div class=\"elementor-column elementor-col-50 elementor-inner-column elementor-element elementor-element-d676240\" data-id=\"d676240\" data-element_type=\"column\" data-settings=\"{&quot;background_background&quot;:&quot;classic&quot;}\">\n\t\t\t<div class=\"elementor-widget-wrap\">\n\t\t\t\t\t\t\t\t\t<\/div>\n\t\t<\/div>\n\t\t\t\t<div class=\"elementor-column elementor-col-50 elementor-inner-column elementor-element elementor-element-ccd0a0d\" data-id=\"ccd0a0d\" data-element_type=\"column\">\n\t\t\t<div class=\"elementor-widget-wrap elementor-element-populated\">\n\t\t\t\t\t\t\t\t<div class=\"elementor-element elementor-element-44ee97f elementor-widget-divider--view-line elementor-widget elementor-widget-divider\" data-id=\"44ee97f\" data-element_type=\"widget\" data-widget_type=\"divider.default\">\n\t\t\t\t<div class=\"elementor-widget-container\">\n\t\t\t<style>\/*! elementor - v3.16.0 - 09-10-2023 *\/\n.elementor-widget-divider{--divider-border-style:none;--divider-border-width:1px;--divider-color:#0c0d0e;--divider-icon-size:20px;--divider-element-spacing:10px;--divider-pattern-height:24px;--divider-pattern-size:20px;--divider-pattern-url:none;--divider-pattern-repeat:repeat-x}.elementor-widget-divider .elementor-divider{display:flex}.elementor-widget-divider .elementor-divider__text{font-size:15px;line-height:1;max-width:95%}.elementor-widget-divider .elementor-divider__element{margin:0 var(--divider-element-spacing);flex-shrink:0}.elementor-widget-divider .elementor-icon{font-size:var(--divider-icon-size)}.elementor-widget-divider .elementor-divider-separator{display:flex;margin:0;direction:ltr}.elementor-widget-divider--view-line_icon .elementor-divider-separator,.elementor-widget-divider--view-line_text .elementor-divider-separator{align-items:center}.elementor-widget-divider--view-line_icon .elementor-divider-separator:after,.elementor-widget-divider--view-line_icon .elementor-divider-separator:before,.elementor-widget-divider--view-line_text .elementor-divider-separator:after,.elementor-widget-divider--view-line_text .elementor-divider-separator:before{display:block;content:\"\";border-bottom:0;flex-grow:1;border-top:var(--divider-border-width) var(--divider-border-style) var(--divider-color)}.elementor-widget-divider--element-align-left .elementor-divider .elementor-divider-separator>.elementor-divider__svg:first-of-type{flex-grow:0;flex-shrink:100}.elementor-widget-divider--element-align-left .elementor-divider-separator:before{content:none}.elementor-widget-divider--element-align-left .elementor-divider__element{margin-left:0}.elementor-widget-divider--element-align-right .elementor-divider .elementor-divider-separator>.elementor-divider__svg:last-of-type{flex-grow:0;flex-shrink:100}.elementor-widget-divider--element-align-right .elementor-divider-separator:after{content:none}.elementor-widget-divider--element-align-right .elementor-divider__element{margin-right:0}.elementor-widget-divider:not(.elementor-widget-divider--view-line_text):not(.elementor-widget-divider--view-line_icon) .elementor-divider-separator{border-top:var(--divider-border-width) var(--divider-border-style) var(--divider-color)}.elementor-widget-divider--separator-type-pattern{--divider-border-style:none}.elementor-widget-divider--separator-type-pattern.elementor-widget-divider--view-line .elementor-divider-separator,.elementor-widget-divider--separator-type-pattern:not(.elementor-widget-divider--view-line) .elementor-divider-separator:after,.elementor-widget-divider--separator-type-pattern:not(.elementor-widget-divider--view-line) .elementor-divider-separator:before,.elementor-widget-divider--separator-type-pattern:not([class*=elementor-widget-divider--view]) .elementor-divider-separator{width:100%;min-height:var(--divider-pattern-height);-webkit-mask-size:var(--divider-pattern-size) 100%;mask-size:var(--divider-pattern-size) 100%;-webkit-mask-repeat:var(--divider-pattern-repeat);mask-repeat:var(--divider-pattern-repeat);background-color:var(--divider-color);-webkit-mask-image:var(--divider-pattern-url);mask-image:var(--divider-pattern-url)}.elementor-widget-divider--no-spacing{--divider-pattern-size:auto}.elementor-widget-divider--bg-round{--divider-pattern-repeat:round}.rtl .elementor-widget-divider .elementor-divider__text{direction:rtl}.e-con-inner>.elementor-widget-divider,.e-con>.elementor-widget-divider{width:var(--container-widget-width,100%);--flex-grow:var(--container-widget-flex-grow)}<\/style>\t\t<div class=\"elementor-divider\">\n\t\t\t<span class=\"elementor-divider-separator\">\n\t\t\t\t\t\t<\/span>\n\t\t<\/div>\n\t\t\t\t<\/div>\n\t\t\t\t<\/div>\n\t\t\t\t<div class=\"elementor-element elementor-element-42fd959 elementor-widget elementor-widget-heading\" data-id=\"42fd959\" data-element_type=\"widget\" data-widget_type=\"heading.default\">\n\t\t\t\t<div class=\"elementor-widget-container\">\n\t\t\t<h2 class=\"elementor-heading-title elementor-size-default\">Accompagner les formateurs pour d\u00e9velopper l'entrepreneuriat creatif &amp; culturel\n\n<\/h2>\t\t<\/div>\n\t\t\t\t<\/div>\n\t\t\t\t<div class=\"elementor-element elementor-element-17cb4a2 elementor-widget elementor-widget-text-editor\" data-id=\"17cb4a2\" data-element_type=\"widget\" data-widget_type=\"text-editor.default\">\n\t\t\t\t<div class=\"elementor-widget-container\">\n\t\t\t<style>\/*! elementor - v3.16.0 - 09-10-2023 *\/\n.elementor-widget-text-editor.elementor-drop-cap-view-stacked .elementor-drop-cap{background-color:#69727d;color:#fff}.elementor-widget-text-editor.elementor-drop-cap-view-framed .elementor-drop-cap{color:#69727d;border:3px solid;background-color:transparent}.elementor-widget-text-editor:not(.elementor-drop-cap-view-default) .elementor-drop-cap{margin-top:8px}.elementor-widget-text-editor:not(.elementor-drop-cap-view-default) .elementor-drop-cap-letter{width:1em;height:1em}.elementor-widget-text-editor .elementor-drop-cap{float:left;text-align:center;line-height:1;font-size:50px}.elementor-widget-text-editor .elementor-drop-cap-letter{display:inline-block}<\/style>\t\t\t\t\t\t\t\t\t\t<\/div>\n\t\t\t\t<\/div>\n\t\t\t\t\t<\/div>\n\t\t<\/div>\n\t\t\t\t\t\t\t<\/div>\n\t\t<\/section>\n\t\t\t\t\t<\/div>\n\t\t<\/div>\n\t\t\t\t\t\t\t<\/div>\n\t\t<\/section>\n\t\t\t\t<section class=\"elementor-section elementor-top-section elementor-element elementor-element-90ffa58 elementor-section-boxed elementor-section-height-default elementor-section-height-default\" data-id=\"90ffa58\" data-element_type=\"section\">\n\t\t\t\t\t\t<div class=\"elementor-container elementor-column-gap-default\">\n\t\t\t\t\t<div class=\"elementor-column elementor-col-100 elementor-top-column elementor-element elementor-element-bec2951\" data-id=\"bec2951\" data-element_type=\"column\">\n\t\t\t<div class=\"elementor-widget-wrap elementor-element-populated\">\n\t\t\t\t\t\t\t\t<div class=\"elementor-element elementor-element-08c55b7 elementor-widget elementor-widget-spacer\" data-id=\"08c55b7\" data-element_type=\"widget\" data-widget_type=\"spacer.default\">\n\t\t\t\t<div class=\"elementor-widget-container\">\n\t\t\t\t\t<div class=\"elementor-spacer\">\n\t\t\t<div class=\"elementor-spacer-inner\"><\/div>\n\t\t<\/div>\n\t\t\t\t<\/div>\n\t\t\t\t<\/div>\n\t\t\t\t<div class=\"elementor-element elementor-element-3adfe31 elementor-widget elementor-widget-video\" data-id=\"3adfe31\" data-element_type=\"widget\" data-settings=\"{&quot;youtube_url&quot;:&quot;https:\\\/\\\/youtu.be\\\/s0KRl-wtwSY&quot;,&quot;autoplay&quot;:&quot;yes&quot;,&quot;video_type&quot;:&quot;youtube&quot;,&quot;controls&quot;:&quot;yes&quot;}\" data-widget_type=\"video.default\">\n\t\t\t\t<div class=\"elementor-widget-container\">\n\t\t\t<style>\/*! elementor - v3.16.0 - 09-10-2023 *\/\n.elementor-widget-video .elementor-widget-container{overflow:hidden;transform:translateZ(0)}.elementor-widget-video .elementor-wrapper{aspect-ratio:var(--video-aspect-ratio)}.elementor-widget-video .elementor-wrapper iframe,.elementor-widget-video .elementor-wrapper video{height:100%;width:100%;display:flex;border:none;background-color:#000}@supports not (aspect-ratio:1\/1){.elementor-widget-video .elementor-wrapper{position:relative;overflow:hidden;height:0;padding-bottom:calc(100% \/ var(--video-aspect-ratio))}.elementor-widget-video .elementor-wrapper iframe,.elementor-widget-video .elementor-wrapper video{position:absolute;top:0;right:0;bottom:0;left:0}}.elementor-widget-video .elementor-open-inline .elementor-custom-embed-image-overlay{position:absolute;top:0;right:0;bottom:0;left:0;background-size:cover;background-position:50%}.elementor-widget-video .elementor-custom-embed-image-overlay{cursor:pointer;text-align:center}.elementor-widget-video .elementor-custom-embed-image-overlay:hover .elementor-custom-embed-play i{opacity:1}.elementor-widget-video .elementor-custom-embed-image-overlay img{display:block;width:100%;aspect-ratio:var(--video-aspect-ratio);-o-object-fit:cover;object-fit:cover;-o-object-position:center center;object-position:center center}@supports not (aspect-ratio:1\/1){.elementor-widget-video .elementor-custom-embed-image-overlay{position:relative;overflow:hidden;height:0;padding-bottom:calc(100% \/ var(--video-aspect-ratio))}.elementor-widget-video .elementor-custom-embed-image-overlay img{position:absolute;top:0;right:0;bottom:0;left:0}}.elementor-widget-video .e-hosted-video .elementor-video{-o-object-fit:cover;object-fit:cover}.e-con-inner>.elementor-widget-video,.e-con>.elementor-widget-video{width:var(--container-widget-width);--flex-grow:var(--container-widget-flex-grow)}<\/style>\t\t<div class=\"elementor-wrapper elementor-open-inline\">\n\t\t\t<div class=\"elementor-video\"><\/div>\t\t<\/div>\n\t\t\t\t<\/div>\n\t\t\t\t<\/div>\n\t\t\t\t<div class=\"elementor-element elementor-element-ac4c49a elementor-widget__width-initial elementor-widget elementor-widget-text-editor\" data-id=\"ac4c49a\" data-element_type=\"widget\" data-widget_type=\"text-editor.default\">\n\t\t\t\t<div class=\"elementor-widget-container\">\n\t\t\t\t\t\t\t<p data-start=\"274\" data-end=\"463\"><strong data-start=\"274\" data-end=\"463\">Bienvenue au lancement officiel d&#8217;<em data-start=\"310\" data-end=\"337\">Artivism &#8211; Art for Change<\/em>, une exposition virtuelle europ\u00e9enne qui met en avant le pouvoir des jeunes artistes pour inspirer la durabilit\u00e9, la r\u00e9silience et l&#8217;innovation.<\/strong><\/p>\n<p data-start=\"465\" data-end=\"498\">\ud83d\udcc5 <em data-start=\"468\" data-end=\"498\">Enregistr\u00e9 le 10 avril 2025<\/em><\/p>\n<p data-start=\"500\" data-end=\"796\">Dans le cadre du projet FACE, cet \u00e9v\u00e9nement unique pr\u00e9sente huit artistes talentueux (\u00e2g\u00e9s de 18 \u00e0 35 ans) de toute l&#8217;Europe qui utilisent l&#8217;art pour s&#8217;attaquer aux d\u00e9fis pressants de notre \u00e9poque. \u00c0 travers la peinture, la sculpture, l&#8217;art num\u00e9rique, la vid\u00e9o et la performance, ils proposent des visions audacieuses et cr\u00e9atives pour un avenir plus durable. <\/p>\n<p data-start=\"798\" data-end=\"822\">\ud83c\udfa8 <strong data-start=\"801\" data-end=\"822\">Artistes en vedette :<\/strong><\/p>\n<ul data-start=\"823\" data-end=\"978\">\n<li data-start=\"823\" data-end=\"840\">\n<p data-start=\"825\" data-end=\"840\">Aurora Bresci<\/p>\n<\/li>\n<li data-start=\"841\" data-end=\"860\">\n<p data-start=\"843\" data-end=\"860\">Vaggelis Gettos<\/p>\n<\/li>\n<li data-start=\"861\" data-end=\"879\">\n<p data-start=\"863\" data-end=\"879\">Marina Katsari<\/p>\n<\/li>\n<li data-start=\"880\" data-end=\"898\">\n<p data-start=\"882\" data-end=\"898\">Paola Lombardi<\/p>\n<\/li>\n<li data-start=\"899\" data-end=\"917\">\n<p data-start=\"901\" data-end=\"917\">Chiara Milione<\/p>\n<\/li>\n<li data-start=\"918\" data-end=\"940\">\n<p data-start=\"920\" data-end=\"940\">Alexandra Pambouka<\/p>\n<\/li>\n<li data-start=\"941\" data-end=\"957\">\n<p data-start=\"943\" data-end=\"957\">Irene Panayi<\/p>\n<\/li>\n<li data-start=\"958\" data-end=\"978\">\n<p data-start=\"960\" data-end=\"978\">Leonardo Paolini<\/p>\n<\/li>\n<\/ul>\n<p data-start=\"980\" data-end=\"1166\">\ud83c\udf0d <strong data-start=\"983\" data-end=\"1000\">Pourquoi Artivism ?<\/strong><br \/>Parce que l&#8217;art peut susciter le dialogue, sensibiliser et conduire au changement. Rejoignez-nous pour d\u00e9couvrir comment ces voix \u00e9mergentes fa\u00e7onnent l&#8217;avenir cr\u00e9atif et durable de l&#8217;Europe. <\/p>\n<p data-start=\"1307\" data-end=\"1412\">#Artivisme #FACEProject #Exposition virtuelle #Durabilit\u00e9 #JeunesArtistes #Cr\u00e9ativit\u00e9 europ\u00e9enne #ArtForChange<\/p>\n\t\t\t\t\t\t<\/div>\n\t\t\t\t<\/div>\n\t\t\t\t<div class=\"elementor-element elementor-element-30d3c39 elementor-widget elementor-widget-spacer\" data-id=\"30d3c39\" data-element_type=\"widget\" data-widget_type=\"spacer.default\">\n\t\t\t\t<div class=\"elementor-widget-container\">\n\t\t\t\t\t<div class=\"elementor-spacer\">\n\t\t\t<div class=\"elementor-spacer-inner\"><\/div>\n\t\t<\/div>\n\t\t\t\t<\/div>\n\t\t\t\t<\/div>\n\t\t\t\t<div class=\"elementor-element elementor-element-5ed2322 elementor-widget elementor-widget-text-editor\" data-id=\"5ed2322\" data-element_type=\"widget\" data-widget_type=\"text-editor.default\">\n\t\t\t\t<div class=\"elementor-widget-container\">\n\t\t\t\t\t\t\t<p style=\"text-align: center;\"><span style=\"font-family: 'Nunito Sans'; font-size: 16px; font-style: normal; font-weight: 400;\">\ud83d\udd17 <\/span><span data-start=\"1171\" data-end=\"1236\" style=\"font-size: 16px; font-family: 'Nunito Sans'; font-weight: bold; font-style: normal;\">Vous souhaitez voir l&#8217;exposition dans son int\u00e9gralit\u00e9 et rencontrer les artistes ?<\/span><\/p>\n\t\t\t\t\t\t<\/div>\n\t\t\t\t<\/div>\n\t\t\t\t\t<\/div>\n\t\t<\/div>\n\t\t\t\t\t\t\t<\/div>\n\t\t<\/section>\n\t\t\t\t<section class=\"elementor-section elementor-top-section elementor-element elementor-element-dfb9cb4 elementor-section-boxed elementor-section-height-default elementor-section-height-default\" data-id=\"dfb9cb4\" data-element_type=\"section\">\n\t\t\t\t\t\t<div class=\"elementor-container elementor-column-gap-default\">\n\t\t\t\t\t<div class=\"elementor-column elementor-col-100 elementor-top-column elementor-element elementor-element-4f68dcc\" data-id=\"4f68dcc\" data-element_type=\"column\">\n\t\t\t<div class=\"elementor-widget-wrap elementor-element-populated\">\n\t\t\t\t\t\t\t\t<div class=\"elementor-element elementor-element-b67351c elementor-align-center elementor-widget elementor-widget-button\" data-id=\"b67351c\" data-element_type=\"widget\" data-widget_type=\"button.default\">\n\t\t\t\t<div class=\"elementor-widget-container\">\n\t\t\t\t\t<div class=\"elementor-button-wrapper\">\n\t\t\t<a class=\"elementor-button elementor-button-link elementor-size-sm\" href=\"https:\/\/faceprojecterasmus-platform.eu\/\" target=\"_blank\">\n\t\t\t\t\t\t<span class=\"elementor-button-content-wrapper\">\n\t\t\t\t\t\t<span class=\"elementor-button-text\">S'inscrire sur la plateforme FACE<\/span>\n\t\t<\/span>\n\t\t\t\t\t<\/a>\n\t\t<\/div>\n\t\t\t\t<\/div>\n\t\t\t\t<\/div>\n\t\t\t\t<div class=\"elementor-element elementor-element-2357cb6 elementor-widget elementor-widget-spacer\" data-id=\"2357cb6\" data-element_type=\"widget\" data-widget_type=\"spacer.default\">\n\t\t\t\t<div class=\"elementor-widget-container\">\n\t\t\t\t\t<div class=\"elementor-spacer\">\n\t\t\t<div class=\"elementor-spacer-inner\"><\/div>\n\t\t<\/div>\n\t\t\t\t<\/div>\n\t\t\t\t<\/div>\n\t\t\t\t\t<\/div>\n\t\t<\/div>\n\t\t\t\t\t\t\t<\/div>\n\t\t<\/section>\n\t\t\t\t<section class=\"elementor-section elementor-top-section elementor-element elementor-element-f4db2c3 elementor-section-full_width elementor-section-height-default elementor-section-height-default\" data-id=\"f4db2c3\" data-element_type=\"section\" data-settings=\"{&quot;background_background&quot;:&quot;classic&quot;}\">\n\t\t\t\t\t\t<div class=\"elementor-container elementor-column-gap-no\">\n\t\t\t\t\t<div class=\"elementor-column elementor-col-100 elementor-top-column elementor-element elementor-element-0488007\" data-id=\"0488007\" data-element_type=\"column\">\n\t\t\t<div class=\"elementor-widget-wrap\">\n\t\t\t\t\t\t\t\t\t<\/div>\n\t\t<\/div>\n\t\t\t\t\t\t\t<\/div>\n\t\t<\/section>\n\t\t\t\t\t\t\t<\/div>\n\t\t","protected":false},"excerpt":{"rendered":"<p>Exposition virtuelle Accompagner les formateurs pour d\u00e9velopper l&#8217;entrepreneuriat creatif &amp; culturel https:\/\/youtu.be\/s0KRl-wtwSY Bienvenue au lancement officiel d&#8217;Artivism &#8211; Art for [&hellip;]<\/p>\n","protected":false},"author":2,"featured_media":0,"parent":0,"menu_order":0,"comment_status":"closed","ping_status":"closed","template":"elementor_header_footer","meta":{"iawp_total_views":1,"footnotes":""},"class_list":["post-14942","page","type-page","status-publish","hentry"],"_links":{"self":[{"href":"https:\/\/faceprojecterasmus.eu\/fr\/wp-json\/wp\/v2\/pages\/14942","targetHints":{"allow":["GET"]}}],"collection":[{"href":"https:\/\/faceprojecterasmus.eu\/fr\/wp-json\/wp\/v2\/pages"}],"about":[{"href":"https:\/\/faceprojecterasmus.eu\/fr\/wp-json\/wp\/v2\/types\/page"}],"author":[{"embeddable":true,"href":"https:\/\/faceprojecterasmus.eu\/fr\/wp-json\/wp\/v2\/users\/2"}],"replies":[{"embeddable":true,"href":"https:\/\/faceprojecterasmus.eu\/fr\/wp-json\/wp\/v2\/comments?post=14942"}],"version-history":[{"count":15,"href":"https:\/\/faceprojecterasmus.eu\/fr\/wp-json\/wp\/v2\/pages\/14942\/revisions"}],"predecessor-version":[{"id":15728,"href":"https:\/\/faceprojecterasmus.eu\/fr\/wp-json\/wp\/v2\/pages\/14942\/revisions\/15728"}],"wp:attachment":[{"href":"https:\/\/faceprojecterasmus.eu\/fr\/wp-json\/wp\/v2\/media?parent=14942"}],"curies":[{"name":"wp","href":"https:\/\/api.w.org\/{rel}","templated":true}]}}